{"id":17,"date":"2026-03-13T14:31:06","date_gmt":"2026-03-13T14:31:06","guid":{"rendered":"https:\/\/blackwindimports.com\/?page_id=17"},"modified":"2026-03-24T01:38:00","modified_gmt":"2026-03-24T01:38:00","slug":"home-page-7","status":"publish","type":"page","link":"https:\/\/blackwindimports.com\/es\/","title":{"rendered":"Home Page"},"content":{"rendered":"<div data-elementor-type=\"wp-post\" data-elementor-id=\"17\" class=\"elementor elementor-17\">\n\t\t\t\t<div class=\"elementor-element elementor-element-c6a3218 e-con-full e-flex e-con e-parent\" data-id=\"c6a3218\" data-element_type=\"container\" data-e-type=\"container\">\n\t\t\t\t<div class=\"elementor-element elementor-element-1a2545f elementor-widget elementor-widget-html\" data-id=\"1a2545f\" data-element_type=\"widget\" data-e-type=\"widget\" data-widget_type=\"html.default\">\n\t\t\t\t\t<div style=\"overflow:hidden; white-space:nowrap; width:100%;\">\r\n<div style=\"display:inline-block;padding-left:100%;animation:mover 12s linear infinite;font-size:60px;font-weight:700;color:#5A5A5A;\">\r\nBlack Wind Imports LLC\r\n<\/div>\r\n<\/div>\r\n\r\n<style>\r\n@keyframes mover {\r\n0% { transform: translateX(0); }\r\n100% { transform: translateX(-100%); }\r\n}\r\n<\/style>\t\t\t\t<\/div>\n\t\t\t\t<div class=\"elementor-element elementor-element-af84760 elementor-widget elementor-widget-image\" data-id=\"af84760\" data-element_type=\"widget\" data-e-type=\"widget\" data-widget_type=\"image.default\">\n\t\t\t\t\t\t\t\t\t\t\t\t\t\t\t<img fetchpriority=\"high\" decoding=\"async\" width=\"1024\" height=\"683\" src=\"https:\/\/blackwindimports.com\/wp-content\/uploads\/2026\/03\/home-page-5-1024x683.png\" class=\"attachment-large size-large wp-image-13\" alt=\"\" srcset=\"https:\/\/blackwindimports.com\/wp-content\/uploads\/2026\/03\/home-page-5-1024x683.png 1024w, https:\/\/blackwindimports.com\/wp-content\/uploads\/2026\/03\/home-page-5-300x200.png 300w, https:\/\/blackwindimports.com\/wp-content\/uploads\/2026\/03\/home-page-5-768x512.png 768w, https:\/\/blackwindimports.com\/wp-content\/uploads\/2026\/03\/home-page-5.png 1536w\" sizes=\"(max-width: 1024px) 100vw, 1024px\" \/>\t\t\t\t\t\t\t\t\t\t\t\t\t\t\t<\/div>\n\t\t\t\t<div class=\"elementor-element elementor-element-2bd7f72 elementor-widget elementor-widget-heading\" data-id=\"2bd7f72\" data-element_type=\"widget\" data-e-type=\"widget\" data-widget_type=\"heading.default\">\n\t\t\t\t\t<h2 class=\"elementor-heading-title elementor-size-default\">Importaci\u00f3n y Distribuci\u00f3n de M\u00e9xico a los Estados Unidos<\/h2>\t\t\t\t<\/div>\n\t\t\t\t<\/div>\n\t\t<div class=\"elementor-element elementor-element-4b98716 e-flex e-con-boxed e-con e-parent\" data-id=\"4b98716\" data-element_type=\"container\" data-e-type=\"container\">\n\t\t\t\t\t<div class=\"e-con-inner\">\n\t\t\t\t<div class=\"elementor-element elementor-element-0770666 elementor-widget elementor-widget-button\" data-id=\"0770666\" data-element_type=\"widget\" data-e-type=\"widget\" data-widget_type=\"button.default\">\n\t\t\t\t\t\t\t\t\t\t<a class=\"elementor-button elementor-button-link elementor-size-sm\" href=\"mailto:saraha@blackwindimports.com\">\n\t\t\t\t\t\t<span class=\"elementor-button-content-wrapper\">\n\t\t\t\t\t\t\t\t\t<span class=\"elementor-button-text\">Correo<\/span>\n\t\t\t\t\t<\/span>\n\t\t\t\t\t<\/a>\n\t\t\t\t\t\t\t\t<\/div>\n\t\t\t\t\t<\/div>\n\t\t\t\t<\/div>\n\t\t<div class=\"elementor-element elementor-element-4520853 e-con-full e-flex e-con e-parent\" data-id=\"4520853\" data-element_type=\"container\" data-e-type=\"container\">\n\t\t\t\t<div class=\"elementor-element elementor-element-924b941 elementor-widget elementor-widget-text-editor\" data-id=\"924b941\" data-element_type=\"widget\" data-e-type=\"widget\" data-widget_type=\"text-editor.default\">\n\t\t\t\t\t\t\t\t\t<p>Black Wind Imports LLC se especializa en el abastecimiento, importaci\u00f3n y distribuci\u00f3n de productos agr\u00edcolas de alta calidad entre M\u00e9xico y los Estados Unidos.<\/p><p>A trav\u00e9s de s\u00f3lidas alianzas con productores, proveedores y empresas log\u00edsticas de confianza, garantizamos un suministro confiable, transporte eficiente y cumplimiento con todas las regulaciones internacionales de comercio.<\/p><p>Nuestra misi\u00f3n es ofrecer productos de calidad premium con consistencia, transparencia y servicio profesional a mayoristas, distribuidores y empresas del sector alimentario en todo Estados Unidos.<\/p><div class=\"yj6qo\">\u00a0<\/div><div class=\"adL\">\u00a0<\/div>\t\t\t\t\t\t\t\t<\/div>\n\t\t\t\t<\/div>\n\t\t<div class=\"elementor-element elementor-element-0be21da e-flex e-con-boxed e-con e-parent\" data-id=\"0be21da\" data-element_type=\"container\" data-e-type=\"container\">\n\t\t\t\t\t<div class=\"e-con-inner\">\n\t\t\t\t<div class=\"elementor-element elementor-element-9a56435 elementor-arrows-position-inside elementor-pagination-position-outside elementor-widget elementor-widget-image-carousel\" data-id=\"9a56435\" data-element_type=\"widget\" data-e-type=\"widget\" data-settings=\"{&quot;slides_to_show&quot;:&quot;1&quot;,&quot;autoplay_speed&quot;:2000,&quot;effect&quot;:&quot;fade&quot;,&quot;speed&quot;:400,&quot;navigation&quot;:&quot;both&quot;,&quot;autoplay&quot;:&quot;yes&quot;,&quot;infinite&quot;:&quot;yes&quot;}\" data-widget_type=\"image-carousel.default\">\n\t\t\t\t\t\t\t<div class=\"elementor-image-carousel-wrapper swiper\" role=\"region\" aria-roledescription=\"carousel\" aria-label=\"Image Carousel\" dir=\"ltr\">\n\t\t\t<div class=\"elementor-image-carousel swiper-wrapper swiper-image-stretch\" aria-live=\"off\">\n\t\t\t\t\t\t\t\t<div class=\"swiper-slide\" role=\"group\" aria-roledescription=\"slide\" aria-label=\"1 de 5\" data-no-translation-aria-label=\"\"><figure class=\"swiper-slide-inner\"><img decoding=\"async\" class=\"swiper-slide-image\" src=\"https:\/\/blackwindimports.com\/wp-content\/uploads\/2026\/03\/unnamed-2.png\" alt=\"unnamed (2)\" \/><\/figure><\/div><div class=\"swiper-slide\" role=\"group\" aria-roledescription=\"slide\" aria-label=\"2 de 5\" data-no-translation-aria-label=\"\"><figure class=\"swiper-slide-inner\"><img decoding=\"async\" class=\"swiper-slide-image\" src=\"https:\/\/blackwindimports.com\/wp-content\/uploads\/2026\/03\/unnamed-8.jpg\" alt=\"unnamed (8)\" \/><\/figure><\/div><div class=\"swiper-slide\" role=\"group\" aria-roledescription=\"slide\" aria-label=\"3 de 5\" data-no-translation-aria-label=\"\"><figure class=\"swiper-slide-inner\"><img decoding=\"async\" class=\"swiper-slide-image\" src=\"https:\/\/blackwindimports.com\/wp-content\/uploads\/2026\/03\/GRAINS-1.jpg\" alt=\"GRAINS\" \/><\/figure><\/div><div class=\"swiper-slide\" role=\"group\" aria-roledescription=\"slide\" aria-label=\"4 de 5\" data-no-translation-aria-label=\"\"><figure class=\"swiper-slide-inner\"><img decoding=\"async\" class=\"swiper-slide-image\" src=\"https:\/\/blackwindimports.com\/wp-content\/uploads\/2026\/03\/CBECC14D-B45E-4D9E-89FA-6616F7DB8B14.png\" alt=\"CBECC14D-B45E-4D9E-89FA-6616F7DB8B14\" \/><\/figure><\/div><div class=\"swiper-slide\" role=\"group\" aria-roledescription=\"slide\" aria-label=\"5 de 5\" data-no-translation-aria-label=\"\"><figure class=\"swiper-slide-inner\"><img decoding=\"async\" class=\"swiper-slide-image\" src=\"https:\/\/blackwindimports.com\/wp-content\/uploads\/2026\/03\/7C4E78A9-88D0-41A0-8BB9-9210CD79E3E5.png\" alt=\"7C4E78A9-88D0-41A0-8BB9-9210CD79E3E5\" \/><\/figure><\/div>\t\t\t<\/div>\n\t\t\t\t\t\t\t\t\t\t\t\t<div class=\"elementor-swiper-button elementor-swiper-button-prev\" role=\"button\" tabindex=\"0\">\n\t\t\t\t\t\t<svg aria-hidden=\"true\" class=\"e-font-icon-svg e-eicon-chevron-left\" viewbox=\"0 0 1000 1000\" xmlns=\"http:\/\/www.w3.org\/2000\/svg\"><path d=\"M646 125C629 125 613 133 604 142L308 442C296 454 292 471 292 487 292 504 296 521 308 533L604 854C617 867 629 875 646 875 663 875 679 871 692 858 704 846 713 829 713 812 713 796 708 779 692 767L438 487 692 225C700 217 708 204 708 187 708 171 704 154 692 142 675 129 663 125 646 125Z\"><\/path><\/svg>\t\t\t\t\t<\/div>\n\t\t\t\t\t<div class=\"elementor-swiper-button elementor-swiper-button-next\" role=\"button\" tabindex=\"0\">\n\t\t\t\t\t\t<svg aria-hidden=\"true\" class=\"e-font-icon-svg e-eicon-chevron-right\" viewbox=\"0 0 1000 1000\" xmlns=\"http:\/\/www.w3.org\/2000\/svg\"><path d=\"M696 533C708 521 713 504 713 487 713 471 708 454 696 446L400 146C388 133 375 125 354 125 338 125 325 129 313 142 300 154 292 171 292 187 292 204 296 221 308 233L563 492 304 771C292 783 288 800 288 817 288 833 296 850 308 863 321 871 338 875 354 875 371 875 388 867 400 854L696 533Z\"><\/path><\/svg>\t\t\t\t\t<\/div>\n\t\t\t\t\n\t\t\t\t\t\t\t\t\t<div class=\"swiper-pagination\"><\/div>\n\t\t\t\t\t\t\t\t\t<\/div>\n\t\t\t\t\t\t<\/div>\n\t\t\t\t<div class=\"elementor-element elementor-element-24f1adc elementor-widget elementor-widget-heading\" data-id=\"24f1adc\" data-element_type=\"widget\" data-e-type=\"widget\" data-widget_type=\"heading.default\">\n\t\t\t\t\t<h2 class=\"elementor-heading-title elementor-size-default\">Importaci\u00f3n y Distribuci\u00f3n Certificada de Productos Agr\u00edcolas Premium<\/h2>\t\t\t\t<\/div>\n\t\t\t\t\t<\/div>\n\t\t\t\t<\/div>\n\t\t<div class=\"elementor-element elementor-element-f5f4926 e-flex e-con-boxed e-con e-parent\" data-id=\"f5f4926\" data-element_type=\"container\" data-e-type=\"container\">\n\t\t\t\t\t<div class=\"e-con-inner\">\n\t\t\t\t<div class=\"elementor-element elementor-element-650657d elementor-widget elementor-widget-text-editor\" data-id=\"650657d\" data-element_type=\"widget\" data-e-type=\"widget\" data-widget_type=\"text-editor.default\">\n\t\t\t\t\t\t\t\t\t<div><p>Black Wind Imports LLC brinda acceso a productos agr\u00edcolas premium provenientes de redes de suministro confiables en M\u00e9xico. Nuestra empresa se enfoca en ofrecer una disponibilidad constante de productos para distribuidores, mayoristas y empresas del sector alimentario en todo Estados Unidos.\nOperamos en total cumplimiento con todas las regulaciones de importaci\u00f3n requeridas y mantenemos los permisos y la documentaci\u00f3n necesarios para el comercio transfronterizo. A trav\u00e9s de una coordinaci\u00f3n log\u00edstica confiable y estrictos est\u00e1ndares de calidad, aseguramos que cada env\u00edo cumpla con las expectativas de nuestros socios mientras apoyamos un comercio internacional eficiente.<\/p><div class=\"adL\">\u00a0<\/div><\/div><div class=\"adL\">\u00a0<\/div>\t\t\t\t\t\t\t\t<\/div>\n\t\t\t\t\t<\/div>\n\t\t\t\t<\/div>\n\t\t<div class=\"elementor-element elementor-element-2141152 e-flex e-con-boxed e-con e-parent\" data-id=\"2141152\" data-element_type=\"container\" data-e-type=\"container\">\n\t\t\t\t\t<div class=\"e-con-inner\">\n\t\t\t\t<div class=\"elementor-element elementor-element-ee6338a elementor-widget elementor-widget-image\" data-id=\"ee6338a\" data-element_type=\"widget\" data-e-type=\"widget\" data-widget_type=\"image.default\">\n\t\t\t\t\t\t\t\t\t\t\t\t\t\t\t<img decoding=\"async\" width=\"1024\" height=\"683\" src=\"https:\/\/blackwindimports.com\/wp-content\/uploads\/2026\/03\/unnamed-3-1024x683.png\" class=\"attachment-large size-large wp-image-131\" alt=\"\" srcset=\"https:\/\/blackwindimports.com\/wp-content\/uploads\/2026\/03\/unnamed-3-1024x683.png 1024w, https:\/\/blackwindimports.com\/wp-content\/uploads\/2026\/03\/unnamed-3-300x200.png 300w, https:\/\/blackwindimports.com\/wp-content\/uploads\/2026\/03\/unnamed-3-768x512.png 768w, https:\/\/blackwindimports.com\/wp-content\/uploads\/2026\/03\/unnamed-3.png 1536w\" sizes=\"(max-width: 1024px) 100vw, 1024px\" \/>\t\t\t\t\t\t\t\t\t\t\t\t\t\t\t<\/div>\n\t\t\t\t\t<\/div>\n\t\t\t\t<\/div>\n\t\t<div class=\"elementor-element elementor-element-b1c8b06 e-flex e-con-boxed e-con e-parent\" data-id=\"b1c8b06\" data-element_type=\"container\" data-e-type=\"container\">\n\t\t\t\t\t<div class=\"e-con-inner\">\n\t\t\t\t<div class=\"elementor-element elementor-element-e2bdeb5 elementor-widget elementor-widget-heading\" data-id=\"e2bdeb5\" data-element_type=\"widget\" data-e-type=\"widget\" data-widget_type=\"heading.default\">\n\t\t\t\t\t<h2 class=\"elementor-heading-title elementor-size-default\">Nuestros Productos<\/h2>\t\t\t\t<\/div>\n\t\t\t\t<div class=\"elementor-element elementor-element-622ac29 elementor-widget elementor-widget-text-editor\" data-id=\"622ac29\" data-element_type=\"widget\" data-e-type=\"widget\" data-widget_type=\"text-editor.default\">\n\t\t\t\t\t\t\t\t\t<p><img decoding=\"async\" class=\"an1\" draggable=\"false\" src=\"https:\/\/fonts.gstatic.com\/s\/e\/notoemoji\/17.0\/1f404\/72.png\" alt=\"\ud83d\udc04\" width=\"25\" height=\"25\" data-emoji=\"\ud83d\udc04\" aria-label=\"\ud83d\udc04\" \/><strong>\u00a0Suministro de Carne de Res Premium<\/strong><\/p><p><img loading=\"lazy\" decoding=\"async\" class=\"an1\" draggable=\"false\" src=\"Granos y Materias Primas\" alt=\"\ud83c\udf3e\" width=\"25\" height=\"25\" data-emoji=\"\ud83c\udf3e\" aria-label=\"\ud83c\udf3e\" \/>\u00a0<strong>Grains &amp; Commodities<\/strong><\/p><p><img loading=\"lazy\" decoding=\"async\" class=\"an1\" draggable=\"false\" src=\"Distribucion Internacional\" alt=\"\ud83d\ude9a\" width=\"25\" height=\"25\" data-emoji=\"\ud83d\ude9a\" aria-label=\"\ud83d\ude9a\" \/>\u00a0<strong>International Distribution<\/strong><\/p>\t\t\t\t\t\t\t\t<\/div>\n\t\t\t\t\t<\/div>\n\t\t\t\t<\/div>\n\t\t<div class=\"elementor-element elementor-element-07d1e28 e-flex e-con-boxed e-con e-parent\" data-id=\"07d1e28\" data-element_type=\"container\" data-e-type=\"container\">\n\t\t\t\t\t<div class=\"e-con-inner\">\n\t\t\t\t<div class=\"elementor-element elementor-element-0efe093 elementor-widget elementor-widget-image\" data-id=\"0efe093\" data-element_type=\"widget\" data-e-type=\"widget\" data-widget_type=\"image.default\">\n\t\t\t\t\t\t\t\t\t\t\t\t\t\t\t<img loading=\"lazy\" decoding=\"async\" width=\"1024\" height=\"683\" src=\"https:\/\/blackwindimports.com\/wp-content\/uploads\/2026\/03\/OUR-FOOD-PRODUCTS-1024x683.png\" class=\"attachment-large size-large wp-image-116\" alt=\"\" srcset=\"https:\/\/blackwindimports.com\/wp-content\/uploads\/2026\/03\/OUR-FOOD-PRODUCTS-1024x683.png 1024w, https:\/\/blackwindimports.com\/wp-content\/uploads\/2026\/03\/OUR-FOOD-PRODUCTS-300x200.png 300w, https:\/\/blackwindimports.com\/wp-content\/uploads\/2026\/03\/OUR-FOOD-PRODUCTS-768x512.png 768w, https:\/\/blackwindimports.com\/wp-content\/uploads\/2026\/03\/OUR-FOOD-PRODUCTS.png 1536w\" sizes=\"(max-width: 1024px) 100vw, 1024px\" \/>\t\t\t\t\t\t\t\t\t\t\t\t\t\t\t<\/div>\n\t\t\t\t\t<\/div>\n\t\t\t\t<\/div>\n\t\t<div class=\"elementor-element elementor-element-302def0 e-con-full e-flex e-con e-parent\" data-id=\"302def0\" data-element_type=\"container\" data-e-type=\"container\">\n\t\t\t\t<div class=\"elementor-element elementor-element-b8b9107 elementor-widget elementor-widget-text-editor\" data-id=\"b8b9107\" data-element_type=\"widget\" data-e-type=\"widget\" data-widget_type=\"text-editor.default\">\n\t\t\t\t\t\t\t\t\t<p>Un rastro TIF (Tipo Inspecci\u00f3n Federal) es una instalaci\u00f3n inspeccionada a nivel federal en M\u00e9xico dedicada al sacrificio y procesamiento de animales bajo estrictas regulaciones sanitarias. Estas instalaciones son supervisadas por el Servicio Nacional de Sanidad, Inocuidad y Calidad Agroalimentaria (SENASICA), lo que garantiza que todos los productos c\u00e1rnicos cumplan con los m\u00e1s altos est\u00e1ndares de seguridad, calidad y trazabilidad para los mercados nacionales e internacionales.<\/p>\t\t\t\t\t\t\t\t<\/div>\n\t\t\t\t<\/div>\n\t\t<div class=\"elementor-element elementor-element-f3c68d4 e-flex e-con-boxed e-con e-parent\" data-id=\"f3c68d4\" data-element_type=\"container\" data-e-type=\"container\">\n\t\t\t\t\t<div class=\"e-con-inner\">\n\t\t\t\t<div class=\"elementor-element elementor-element-1f7dded elementor-widget elementor-widget-image\" data-id=\"1f7dded\" data-element_type=\"widget\" data-e-type=\"widget\" data-widget_type=\"image.default\">\n\t\t\t\t\t\t\t\t\t\t\t\t\t\t\t<img loading=\"lazy\" decoding=\"async\" width=\"1024\" height=\"683\" src=\"https:\/\/blackwindimports.com\/wp-content\/uploads\/2026\/03\/CUTTING-PROCESS-1024x683.png\" class=\"attachment-large size-large wp-image-115\" alt=\"\" srcset=\"https:\/\/blackwindimports.com\/wp-content\/uploads\/2026\/03\/CUTTING-PROCESS-1024x683.png 1024w, https:\/\/blackwindimports.com\/wp-content\/uploads\/2026\/03\/CUTTING-PROCESS-300x200.png 300w, https:\/\/blackwindimports.com\/wp-content\/uploads\/2026\/03\/CUTTING-PROCESS-768x512.png 768w, https:\/\/blackwindimports.com\/wp-content\/uploads\/2026\/03\/CUTTING-PROCESS.png 1536w\" sizes=\"(max-width: 1024px) 100vw, 1024px\" \/>\t\t\t\t\t\t\t\t\t\t\t\t\t\t\t<\/div>\n\t\t\t\t\t<\/div>\n\t\t\t\t<\/div>\n\t\t<div class=\"elementor-element elementor-element-fdd4a93 e-flex e-con-boxed e-con e-parent\" data-id=\"fdd4a93\" data-element_type=\"container\" data-e-type=\"container\">\n\t\t\t\t\t<div class=\"e-con-inner\">\n\t\t\t\t<div class=\"elementor-element elementor-element-813335f elementor-widget elementor-widget-text-editor\" data-id=\"813335f\" data-element_type=\"widget\" data-e-type=\"widget\" data-widget_type=\"text-editor.default\">\n\t\t\t\t\t\t\t\t\t<p>Nuestro proceso de corte de carne se lleva a cabo en instalaciones estrictamente controladas que cumplen con los est\u00e1ndares internacionales de seguridad e higiene alimentaria. Profesionales capacitados utilizan equipos sanitizados y equipo de protecci\u00f3n para garantizar precisi\u00f3n, limpieza e integridad del producto en cada etapa del procesamiento.\nInspecciones continuas de calidad y estrictos protocolos sanitarios garantizan cortes consistentes y de alta calidad. Este compromiso nos permite ofrecer productos de carne premium que cumplen con las exigencias de mayoristas, distribuidores y mercados internacionales.<\/p>\t\t\t\t\t\t\t\t<\/div>\n\t\t\t\t\t<\/div>\n\t\t\t\t<\/div>\n\t\t<div class=\"elementor-element elementor-element-fae6ef1 e-flex e-con-boxed e-con e-parent\" data-id=\"fae6ef1\" data-element_type=\"container\" data-e-type=\"container\">\n\t\t\t\t\t<div class=\"e-con-inner\">\n\t\t\t\t<div class=\"elementor-element elementor-element-94720a9 elementor-widget elementor-widget-image\" data-id=\"94720a9\" data-element_type=\"widget\" data-e-type=\"widget\" data-widget_type=\"image.default\">\n\t\t\t\t\t\t\t\t\t\t\t\t\t\t\t<img loading=\"lazy\" decoding=\"async\" width=\"1024\" height=\"683\" src=\"https:\/\/blackwindimports.com\/wp-content\/uploads\/2026\/03\/PACKAGING-1024x683.png\" class=\"attachment-large size-large wp-image-117\" alt=\"\" srcset=\"https:\/\/blackwindimports.com\/wp-content\/uploads\/2026\/03\/PACKAGING-1024x683.png 1024w, https:\/\/blackwindimports.com\/wp-content\/uploads\/2026\/03\/PACKAGING-300x200.png 300w, https:\/\/blackwindimports.com\/wp-content\/uploads\/2026\/03\/PACKAGING-768x512.png 768w, https:\/\/blackwindimports.com\/wp-content\/uploads\/2026\/03\/PACKAGING.png 1536w\" sizes=\"(max-width: 1024px) 100vw, 1024px\" \/>\t\t\t\t\t\t\t\t\t\t\t\t\t\t\t<\/div>\n\t\t\t\t\t<\/div>\n\t\t\t\t<\/div>\n\t\t<div class=\"elementor-element elementor-element-62d520b e-flex e-con-boxed e-con e-parent\" data-id=\"62d520b\" data-element_type=\"container\" data-e-type=\"container\">\n\t\t\t\t\t<div class=\"e-con-inner\">\n\t\t\t\t<div class=\"elementor-element elementor-element-de04942 elementor-widget elementor-widget-text-editor\" data-id=\"de04942\" data-element_type=\"widget\" data-e-type=\"widget\" data-widget_type=\"text-editor.default\">\n\t\t\t\t\t\t\t\t\t<p>Nuestro proceso de empaque de carne sigue estrictos est\u00e1ndares internacionales de seguridad e higiene alimentaria para garantizar la frescura, la integridad del producto y la seguridad desde el procesamiento hasta la entrega final. Utilizamos materiales de empaque certificados de grado alimenticio, aprobados para el contacto directo con alimentos, asegurando la m\u00e1xima higiene y protecci\u00f3n a lo largo de toda la cadena de suministro. Nuestras instalaciones implementan tecnolog\u00edas avanzadas como el sellado al vac\u00edo y el Empaque en Atm\u00f3sfera Modificada (MAP) para preservar la frescura, mantener una calidad \u00f3ptima del producto y apoyar un transporte y almacenamiento eficientes. Estos sistemas ayudan a reducir la oxidaci\u00f3n, controlar el crecimiento microbiano y prolongar la vida \u00fatil del producto, manteniendo al mismo tiempo el sabor natural de la carne, su textura y su valor nutricional, lo que nos permite ofrecer productos de carne premium a mayoristas, distribuidores y mercados internacionales.<\/p>\t\t\t\t\t\t\t\t<\/div>\n\t\t\t\t\t<\/div>\n\t\t\t\t<\/div>\n\t\t<div class=\"elementor-element elementor-element-a451a26 e-flex e-con-boxed e-con e-parent\" data-id=\"a451a26\" data-element_type=\"container\" data-e-type=\"container\">\n\t\t\t\t\t<div class=\"e-con-inner\">\n\t\t\t\t<div class=\"elementor-element elementor-element-886333a elementor-widget elementor-widget-google_maps\" data-id=\"886333a\" data-element_type=\"widget\" data-e-type=\"widget\" data-widget_type=\"google_maps.default\">\n\t\t\t\t\t\t\t<div class=\"elementor-custom-embed\">\n\t\t\t<iframe loading=\"lazy\"\n\t\t\t\t\tsrc=\"https:\/\/maps.google.com\/maps?q=Austin%2C%20TX&#038;t=m&#038;z=5&#038;output=embed&#038;iwloc=near\"\n\t\t\t\t\ttitle=\"Austin, TX\"\n\t\t\t\t\taria-label=\"Austin, TX\"\n\t\t\t><\/iframe>\n\t\t<\/div>\n\t\t\t\t\t\t<\/div>\n\t\t\t\t\t<\/div>\n\t\t\t\t<\/div>\n\t\t<div class=\"elementor-element elementor-element-bb90b42 e-flex e-con-boxed e-con e-parent\" data-id=\"bb90b42\" data-element_type=\"container\" data-e-type=\"container\">\n\t\t\t\t\t<div class=\"e-con-inner\">\n\t\t\t\t<div class=\"elementor-element elementor-element-4ddb12b elementor-align-center elementor-widget elementor-widget-button\" data-id=\"4ddb12b\" data-element_type=\"widget\" data-e-type=\"widget\" data-widget_type=\"button.default\">\n\t\t\t\t\t\t\t\t\t\t<a class=\"elementor-button elementor-button-link elementor-size-sm\" href=\"https:\/\/wa.me\/17373017039\">\n\t\t\t\t\t\t<span class=\"elementor-button-content-wrapper\">\n\t\t\t\t\t\t\t\t\t<span class=\"elementor-button-text\">WhatsApp<\/span>\n\t\t\t\t\t<\/span>\n\t\t\t\t\t<\/a>\n\t\t\t\t\t\t\t\t<\/div>\n\t\t\t\t\t<\/div>\n\t\t\t\t<\/div>\n\t\t\t\t<\/div>","protected":false},"excerpt":{"rendered":"<p>Black Wind Imports LLC Importation &amp; Distribution from Mexico to the United States Email Black Wind Imports LLC specializes in the sourcing, importation, and distribution of high-quality agricultural products between Mexico and the United States. Through strong partnerships with trusted producers, suppliers, logistics providers, we ensure reliable supply, efficient transportation, and compliance with all international [&hellip;]<\/p>\n","protected":false},"author":1,"featured_media":0,"parent":0,"menu_order":0,"comment_status":"closed","ping_status":"closed","template":"no-title","meta":{"footnotes":""},"class_list":["post-17","page","type-page","status-publish","hentry"],"_links":{"self":[{"href":"https:\/\/blackwindimports.com\/es\/wp-json\/wp\/v2\/pages\/17","targetHints":{"allow":["GET"]}}],"collection":[{"href":"https:\/\/blackwindimports.com\/es\/wp-json\/wp\/v2\/pages"}],"about":[{"href":"https:\/\/blackwindimports.com\/es\/wp-json\/wp\/v2\/types\/page"}],"author":[{"embeddable":true,"href":"https:\/\/blackwindimports.com\/es\/wp-json\/wp\/v2\/users\/1"}],"replies":[{"embeddable":true,"href":"https:\/\/blackwindimports.com\/es\/wp-json\/wp\/v2\/comments?post=17"}],"version-history":[{"count":148,"href":"https:\/\/blackwindimports.com\/es\/wp-json\/wp\/v2\/pages\/17\/revisions"}],"predecessor-version":[{"id":259,"href":"https:\/\/blackwindimports.com\/es\/wp-json\/wp\/v2\/pages\/17\/revisions\/259"}],"wp:attachment":[{"href":"https:\/\/blackwindimports.com\/es\/wp-json\/wp\/v2\/media?parent=17"}],"curies":[{"name":"wp","href":"https:\/\/api.w.org\/{rel}","templated":true}]}}