{"id":239,"date":"2026-03-16T02:33:08","date_gmt":"2026-03-16T02:33:08","guid":{"rendered":"https:\/\/blackwindimports.com\/?page_id=239"},"modified":"2026-03-24T03:50:35","modified_gmt":"2026-03-24T03:50:35","slug":"about-us","status":"publish","type":"page","link":"https:\/\/blackwindimports.com\/es\/about-us\/","title":{"rendered":"Sobre Nosotros"},"content":{"rendered":"<figure class=\"wp-block-image size-large\"><img fetchpriority=\"high\" decoding=\"async\" width=\"1024\" height=\"713\" src=\"https:\/\/blackwindimports.com\/wp-content\/uploads\/2026\/03\/unnamed-9-2-1024x713.jpg\" alt=\"\" class=\"wp-image-276\" srcset=\"https:\/\/blackwindimports.com\/wp-content\/uploads\/2026\/03\/unnamed-9-2-1024x713.jpg 1024w, https:\/\/blackwindimports.com\/wp-content\/uploads\/2026\/03\/unnamed-9-2-300x209.jpg 300w, https:\/\/blackwindimports.com\/wp-content\/uploads\/2026\/03\/unnamed-9-2-768x534.jpg 768w, https:\/\/blackwindimports.com\/wp-content\/uploads\/2026\/03\/unnamed-9-2-18x12.jpg 18w, https:\/\/blackwindimports.com\/wp-content\/uploads\/2026\/03\/unnamed-9-2.jpg 1154w\" sizes=\"(max-width: 1024px) 100vw, 1024px\" \/><\/figure>\n\n\n\n<h2 class=\"wp-block-heading\">Nuestro Compromiso<\/h2>\n\n\n\n<p>En Black Wind Imports LLC, estamos comprometidos a construir relaciones comerciales a largo plazo basadas en la confianza, la constancia y el desempe\u00f1o. Entendemos que el comercio internacional requiere precisi\u00f3n, responsabilidad y una coordinaci\u00f3n confiable en cada etapa del proceso.<\/p>\n\n\n\n<p>Nuestro equipo trabaja con dedicaci\u00f3n para asegurar que cada cliente reciba una atenci\u00f3n cuidadosa, comunicaci\u00f3n clara y un apoyo confiable. Nos esforzamos por crear valor no solo a trav\u00e9s de la calidad de nuestros productos, sino tambi\u00e9n mediante la solidez de nuestras alianzas y el profesionalismo de nuestras operaciones.<\/p>\n\n\n\n<h2 class=\"wp-block-heading\">\u00bfPor qu\u00e9 elegirnos?  <\/h2>\n\n\n\n<p>Nos destacamos al combinar experiencia en la industria con un fuerte compromiso con la calidad y la confiabilidad. Nuestro equipo trabaja de cerca con proveedores y socios log\u00edsticos de confianza para asegurar que cada producto cumpla con los m\u00e1s altos est\u00e1ndares.<\/p>\n\n\n\n<p>Priorizamos la transparencia, la eficiencia y las relaciones a largo plazo, lo que nos permite ofrecer un valor constante a nuestros clientes en los mercados internacionales.<\/p>\n\n\n\n<div class=\"wp-block-columns is-layout-flex wp-container-core-columns-is-layout-28f84493 wp-block-columns-is-layout-flex\">\n<div class=\"wp-block-column is-layout-flow wp-block-column-is-layout-flow\">\n<h2 class=\"wp-block-heading\">Integridad<\/h2>\n\n\n\n<p class=\"has-text-align-center\">Operamos con honestidad y transparencia en cada transacci\u00f3n.<\/p>\n<\/div>\n\n\n\n<div class=\"wp-block-column is-layout-flow wp-block-column-is-layout-flow\">\n<h2 class=\"wp-block-heading\">Calidad<\/h2>\n\n\n\n<p class=\"has-text-align-center\">Garantizamos est\u00e1ndares premium en cada producto que seleccionamos y entregamos.<\/p>\n<\/div>\n\n\n\n<div class=\"wp-block-column is-layout-flow wp-block-column-is-layout-flow\">\n<h2 class=\"wp-block-heading\">Confiabilidad <\/h2>\n\n\n\n<p class=\"has-text-align-center\">Nuestros socios y clientes pueden confiar en nosotros para un desempe\u00f1o constante.<\/p>\n<\/div>\n<\/div>\n\n\n\n<p><\/p>\n\n\n\n<h2 class=\"wp-block-heading\">Alcance Global<\/h2>\n\n\n\n<p>Con operaciones que conectan M\u00e9xico y los Estados Unidos, continuamos fortaleciendo nuestra capacidad para servir a clientes a trav\u00e9s de fronteras con eficiencia y confiabilidad. Nuestra experiencia en abastecimiento, log\u00edstica y distribuci\u00f3n nos permite adaptarnos a las necesidades del mercado, manteniendo altos est\u00e1ndares en cada transacci\u00f3n.<\/p>\n\n\n\n<p>A medida que seguimos creciendo, nuestro objetivo es expandir oportunidades, fortalecer alianzas y ofrecer soluciones confiables para empresas que buscan productos agr\u00edcolas premium y un suministro internacional de confianza.<\/p>\n\n\n\n<h2 class=\"wp-block-heading\">Nuestra Visi\u00f3n <\/h2>\n\n\n\n<p>Nuestra visi\u00f3n es convertirnos en un l\u00edder confiable en el comercio internacional de productos agr\u00edcolas, reconocido por nuestra confiabilidad, profesionalismo y relaciones a largo plazo.<\/p>\n\n\n\n<p>Buscamos conectar mercados entre M\u00e9xico y Estados Unidos mediante la creaci\u00f3n de soluciones de suministro eficientes, transparentes y sostenibles que beneficien tanto a productores como a clientes. A trav\u00e9s del crecimiento continuo y la innovaci\u00f3n, nos esforzamos por expandir nuestra red y fortalecer nuestra posici\u00f3n en el mercado global.<\/p>\n\n\n\n<p>En Black Wind Imports LLC, creemos que el \u00e9xito se construye con constancia, confianza y la capacidad de generar valor a lo largo del tiempo. Nuestro objetivo no es solo cumplir con las expectativas, sino superarlas en cada transacci\u00f3n.<\/p>\n\n\n\n<div class=\"wp-block-buttons is-layout-flex wp-block-buttons-is-layout-flex\"><\/div>\n\n\n<h1 class=\"wp-block-site-title\"><a href=\"https:\/\/blackwindimports.com\/es\" target=\"_self\" rel=\"home\">Black Wind Imports LLC<\/a><\/h1>","protected":false},"excerpt":{"rendered":"<p>Our Commitmen At Black Wind Imports LLC, we are committed to building long-term business relationships based on trust, consistency, and performance. We understand that international trade requires precision, accountability, and reliable coordination at every stage of the process. Our team works with dedication to ensure that every client receives attentive service, clear communication, and dependable [&hellip;]<\/p>\n","protected":false},"author":1,"featured_media":0,"parent":0,"menu_order":0,"comment_status":"closed","ping_status":"closed","template":"page-with-title","meta":{"footnotes":""},"class_list":["post-239","page","type-page","status-publish","hentry"],"_links":{"self":[{"href":"https:\/\/blackwindimports.com\/es\/wp-json\/wp\/v2\/pages\/239","targetHints":{"allow":["GET"]}}],"collection":[{"href":"https:\/\/blackwindimports.com\/es\/wp-json\/wp\/v2\/pages"}],"about":[{"href":"https:\/\/blackwindimports.com\/es\/wp-json\/wp\/v2\/types\/page"}],"author":[{"embeddable":true,"href":"https:\/\/blackwindimports.com\/es\/wp-json\/wp\/v2\/users\/1"}],"replies":[{"embeddable":true,"href":"https:\/\/blackwindimports.com\/es\/wp-json\/wp\/v2\/comments?post=239"}],"version-history":[{"count":7,"href":"https:\/\/blackwindimports.com\/es\/wp-json\/wp\/v2\/pages\/239\/revisions"}],"predecessor-version":[{"id":281,"href":"https:\/\/blackwindimports.com\/es\/wp-json\/wp\/v2\/pages\/239\/revisions\/281"}],"wp:attachment":[{"href":"https:\/\/blackwindimports.com\/es\/wp-json\/wp\/v2\/media?parent=239"}],"curies":[{"name":"wp","href":"https:\/\/api.w.org\/{rel}","templated":true}]}}